{"id":15,"date":"2024-02-06T23:30:05","date_gmt":"2024-02-06T22:30:05","guid":{"rendered":"https:\/\/sz.techweb.sk\/?page_id=15"},"modified":"2024-02-06T23:30:05","modified_gmt":"2024-02-06T22:30:05","slug":"alternativny-odber","status":"publish","type":"page","link":"https:\/\/sz.techweb.sk\/en\/alternativny-odber\/","title":{"rendered":"Alternat\u00edvny odber"},"content":{"rendered":"<p>Miesto s v\u00e4\u010d\u0161\u00edm pohybom \u013eud\u00ed, kde je predpoklad hromadenia z\u00e1lohovan\u00fdch obalov a kde je ich m\u00f4\u017en\u00e9 vr\u00e1ti\u0165 sp\u00e4\u0165 do syst\u00e9mu, av\u0161ak bez vyplatenia z\u00e1lohu spotrebite\u013eovi. Tak\u00fdto odber je vhodn\u00fd na vytv\u00e1ranie zbierok na charitat\u00edvne \u00fa\u010dely.<\/p>\n","protected":false},"excerpt":{"rendered":"<p>Miesto s v\u00e4\u010d\u0161\u00edm pohybom \u013eud\u00ed, kde je predpoklad hromadenia z\u00e1lohovan\u00fdch obalov a kde je ich m\u00f4\u017en\u00e9 vr\u00e1ti\u0165 sp\u00e4\u0165 do syst\u00e9mu, av\u0161ak bez vyplatenia z\u00e1lohu spotrebite\u013eovi. Tak\u00fdto odber je vhodn\u00fd na vytv\u00e1ranie zbierok na charitat\u00edvne \u00fa\u010dely.<\/p>\n","protected":false},"author":1,"featured_media":0,"parent":0,"menu_order":0,"comment_status":"closed","ping_status":"closed","template":"alternativne-odberne-miesta.php","meta":{"_acf_changed":false,"inline_featured_image":false,"footnotes":""},"class_list":["post-15","page","type-page","status-publish","hentry"],"acf":[],"yoast_head":"<!-- This site is optimized with the Yoast SEO plugin v26.7 - https:\/\/yoast.com\/wordpress\/plugins\/seo\/ -->\n<title>Alternat\u00edvny odber - Slovenskozalohuje EN<\/title>\n<meta name=\"robots\" content=\"index, follow, max-snippet:-1, max-image-preview:large, max-video-preview:-1\" \/>\n<link rel=\"canonical\" href=\"https:\/\/sz.techweb.sk\/en\/alternativny-odber\/\" \/>\n<meta property=\"og:locale\" content=\"sk_SK\" \/>\n<meta property=\"og:type\" content=\"article\" \/>\n<meta property=\"og:title\" content=\"Alternat\u00edvny odber - Slovenskozalohuje EN\" \/>\n<meta property=\"og:description\" content=\"Miesto s v\u00e4\u010d\u0161\u00edm pohybom \u013eud\u00ed, kde je predpoklad hromadenia z\u00e1lohovan\u00fdch obalov a kde je ich m\u00f4\u017en\u00e9 vr\u00e1ti\u0165 sp\u00e4\u0165 do syst\u00e9mu, av\u0161ak bez vyplatenia z\u00e1lohu spotrebite\u013eovi. Tak\u00fdto odber je vhodn\u00fd na vytv\u00e1ranie zbierok na charitat\u00edvne \u00fa\u010dely.\" \/>\n<meta property=\"og:url\" content=\"https:\/\/sz.techweb.sk\/en\/alternativny-odber\/\" \/>\n<meta property=\"og:site_name\" content=\"Slovenskozalohuje EN\" \/>\n<meta name=\"twitter:card\" content=\"summary_large_image\" \/>\n<script type=\"application\/ld+json\" class=\"yoast-schema-graph\">{\"@context\":\"https:\/\/schema.org\",\"@graph\":[{\"@type\":\"WebPage\",\"@id\":\"https:\/\/sz.techweb.sk\/en\/alternativny-odber\/\",\"url\":\"https:\/\/sz.techweb.sk\/en\/alternativny-odber\/\",\"name\":\"Alternat\u00edvny odber - Slovenskozalohuje EN\",\"isPartOf\":{\"@id\":\"https:\/\/sz.techweb.sk\/en\/#website\"},\"datePublished\":\"2024-02-06T22:30:05+00:00\",\"breadcrumb\":{\"@id\":\"https:\/\/sz.techweb.sk\/en\/alternativny-odber\/#breadcrumb\"},\"inLanguage\":\"sk-SK\",\"potentialAction\":[{\"@type\":\"ReadAction\",\"target\":[\"https:\/\/sz.techweb.sk\/en\/alternativny-odber\/\"]}]},{\"@type\":\"BreadcrumbList\",\"@id\":\"https:\/\/sz.techweb.sk\/en\/alternativny-odber\/#breadcrumb\",\"itemListElement\":[{\"@type\":\"ListItem\",\"position\":1,\"name\":\"Domovsk\u00e1 str\u00e1nka\",\"item\":\"https:\/\/sz.techweb.sk\/en\/\"},{\"@type\":\"ListItem\",\"position\":2,\"name\":\"Alternat\u00edvny odber\"}]},{\"@type\":\"WebSite\",\"@id\":\"https:\/\/sz.techweb.sk\/en\/#website\",\"url\":\"https:\/\/sz.techweb.sk\/en\/\",\"name\":\"Slovenskozalohuje EN\",\"description\":\"Z\u00e1lohujte Oplat\u00ed sa to v\u00e1m aj pr\u00edrode\",\"potentialAction\":[{\"@type\":\"SearchAction\",\"target\":{\"@type\":\"EntryPoint\",\"urlTemplate\":\"https:\/\/sz.techweb.sk\/en\/?s={search_term_string}\"},\"query-input\":{\"@type\":\"PropertyValueSpecification\",\"valueRequired\":true,\"valueName\":\"search_term_string\"}}],\"inLanguage\":\"sk-SK\"}]}<\/script>\n<!-- \/ Yoast SEO plugin. -->","yoast_head_json":{"title":"Alternat\u00edvny odber - Slovenskozalohuje EN","robots":{"index":"index","follow":"follow","max-snippet":"max-snippet:-1","max-image-preview":"max-image-preview:large","max-video-preview":"max-video-preview:-1"},"canonical":"https:\/\/sz.techweb.sk\/en\/alternativny-odber\/","og_locale":"sk_SK","og_type":"article","og_title":"Alternat\u00edvny odber - Slovenskozalohuje EN","og_description":"Miesto s v\u00e4\u010d\u0161\u00edm pohybom \u013eud\u00ed, kde je predpoklad hromadenia z\u00e1lohovan\u00fdch obalov a kde je ich m\u00f4\u017en\u00e9 vr\u00e1ti\u0165 sp\u00e4\u0165 do syst\u00e9mu, av\u0161ak bez vyplatenia z\u00e1lohu spotrebite\u013eovi. Tak\u00fdto odber je vhodn\u00fd na vytv\u00e1ranie zbierok na charitat\u00edvne \u00fa\u010dely.","og_url":"https:\/\/sz.techweb.sk\/en\/alternativny-odber\/","og_site_name":"Slovenskozalohuje EN","twitter_card":"summary_large_image","schema":{"@context":"https:\/\/schema.org","@graph":[{"@type":"WebPage","@id":"https:\/\/sz.techweb.sk\/en\/alternativny-odber\/","url":"https:\/\/sz.techweb.sk\/en\/alternativny-odber\/","name":"Alternat\u00edvny odber - Slovenskozalohuje EN","isPartOf":{"@id":"https:\/\/sz.techweb.sk\/en\/#website"},"datePublished":"2024-02-06T22:30:05+00:00","breadcrumb":{"@id":"https:\/\/sz.techweb.sk\/en\/alternativny-odber\/#breadcrumb"},"inLanguage":"sk-SK","potentialAction":[{"@type":"ReadAction","target":["https:\/\/sz.techweb.sk\/en\/alternativny-odber\/"]}]},{"@type":"BreadcrumbList","@id":"https:\/\/sz.techweb.sk\/en\/alternativny-odber\/#breadcrumb","itemListElement":[{"@type":"ListItem","position":1,"name":"Domovsk\u00e1 str\u00e1nka","item":"https:\/\/sz.techweb.sk\/en\/"},{"@type":"ListItem","position":2,"name":"Alternat\u00edvny odber"}]},{"@type":"WebSite","@id":"https:\/\/sz.techweb.sk\/en\/#website","url":"https:\/\/sz.techweb.sk\/en\/","name":"Slovenskozalohuje EN","description":"Z\u00e1lohujte Oplat\u00ed sa to v\u00e1m aj pr\u00edrode","potentialAction":[{"@type":"SearchAction","target":{"@type":"EntryPoint","urlTemplate":"https:\/\/sz.techweb.sk\/en\/?s={search_term_string}"},"query-input":{"@type":"PropertyValueSpecification","valueRequired":true,"valueName":"search_term_string"}}],"inLanguage":"sk-SK"}]}},"_links":{"self":[{"href":"https:\/\/sz.techweb.sk\/en\/wp-json\/wp\/v2\/pages\/15","targetHints":{"allow":["GET"]}}],"collection":[{"href":"https:\/\/sz.techweb.sk\/en\/wp-json\/wp\/v2\/pages"}],"about":[{"href":"https:\/\/sz.techweb.sk\/en\/wp-json\/wp\/v2\/types\/page"}],"author":[{"embeddable":true,"href":"https:\/\/sz.techweb.sk\/en\/wp-json\/wp\/v2\/users\/1"}],"replies":[{"embeddable":true,"href":"https:\/\/sz.techweb.sk\/en\/wp-json\/wp\/v2\/comments?post=15"}],"version-history":[{"count":0,"href":"https:\/\/sz.techweb.sk\/en\/wp-json\/wp\/v2\/pages\/15\/revisions"}],"wp:attachment":[{"href":"https:\/\/sz.techweb.sk\/en\/wp-json\/wp\/v2\/media?parent=15"}],"curies":[{"name":"wp","href":"https:\/\/api.w.org\/{rel}","templated":true}]}}