{"id":1084,"date":"2024-02-06T23:29:33","date_gmt":"2024-02-06T22:29:33","guid":{"rendered":"https:\/\/sz.techweb.sk\/?page_id=9"},"modified":"2024-02-06T23:29:33","modified_gmt":"2024-02-06T22:29:33","slug":"o-zalohovani","status":"publish","type":"page","link":"https:\/\/sz.techweb.sk\/en\/o-zalohovani\/","title":{"rendered":"O z\u00e1lohovan\u00ed"},"content":{"rendered":"<p>Tu n\u00e1jdete aktu\u00e1lne inform\u00e1cie zo sveta z\u00e1lohovania, ktor\u00e9 v\u00e1m pribl\u00ed\u017eia na\u0161e aktivity \u010di fungovanie z\u00e1lohov\u00e9ho syst\u00e9mu.<\/p>\n","protected":false},"excerpt":{"rendered":"<p>Tu n\u00e1jdete aktu\u00e1lne inform\u00e1cie zo sveta z\u00e1lohovania, ktor\u00e9 v\u00e1m pribl\u00ed\u017eia na\u0161e aktivity \u010di fungovanie z\u00e1lohov\u00e9ho syst\u00e9mu.<\/p>\n","protected":false},"author":1,"featured_media":0,"parent":0,"menu_order":0,"comment_status":"closed","ping_status":"closed","template":"o-zalohovani.php","meta":{"_acf_changed":false,"inline_featured_image":false,"footnotes":""},"class_list":["post-1084","page","type-page","status-publish","hentry"],"acf":[],"yoast_head":"<!-- This site is optimized with the Yoast SEO plugin v26.7 - https:\/\/yoast.com\/wordpress\/plugins\/seo\/ -->\n<title>O z\u00e1lohovan\u00ed - Slovenskozalohuje EN<\/title>\n<meta name=\"robots\" content=\"index, follow, max-snippet:-1, max-image-preview:large, max-video-preview:-1\" \/>\n<link rel=\"canonical\" href=\"https:\/\/sz.techweb.sk\/en\/o-zalohovani\/\" \/>\n<meta property=\"og:locale\" content=\"sk_SK\" \/>\n<meta property=\"og:type\" content=\"article\" \/>\n<meta property=\"og:title\" content=\"O z\u00e1lohovan\u00ed - Slovenskozalohuje EN\" \/>\n<meta property=\"og:description\" content=\"Tu n\u00e1jdete aktu\u00e1lne inform\u00e1cie zo sveta z\u00e1lohovania, ktor\u00e9 v\u00e1m pribl\u00ed\u017eia na\u0161e aktivity \u010di fungovanie z\u00e1lohov\u00e9ho syst\u00e9mu.\" \/>\n<meta property=\"og:url\" content=\"https:\/\/sz.techweb.sk\/en\/o-zalohovani\/\" \/>\n<meta property=\"og:site_name\" content=\"Slovenskozalohuje EN\" \/>\n<meta name=\"twitter:card\" content=\"summary_large_image\" \/>\n<script type=\"application\/ld+json\" class=\"yoast-schema-graph\">{\"@context\":\"https:\/\/schema.org\",\"@graph\":[{\"@type\":\"WebPage\",\"@id\":\"https:\/\/sz.techweb.sk\/en\/o-zalohovani\/\",\"url\":\"https:\/\/sz.techweb.sk\/en\/o-zalohovani\/\",\"name\":\"O z\u00e1lohovan\u00ed - Slovenskozalohuje EN\",\"isPartOf\":{\"@id\":\"https:\/\/sz.techweb.sk\/en\/#website\"},\"datePublished\":\"2024-02-06T22:29:33+00:00\",\"breadcrumb\":{\"@id\":\"https:\/\/sz.techweb.sk\/en\/o-zalohovani\/#breadcrumb\"},\"inLanguage\":\"sk-SK\",\"potentialAction\":[{\"@type\":\"ReadAction\",\"target\":[\"https:\/\/sz.techweb.sk\/en\/o-zalohovani\/\"]}]},{\"@type\":\"BreadcrumbList\",\"@id\":\"https:\/\/sz.techweb.sk\/en\/o-zalohovani\/#breadcrumb\",\"itemListElement\":[{\"@type\":\"ListItem\",\"position\":1,\"name\":\"Domovsk\u00e1 str\u00e1nka\",\"item\":\"https:\/\/sz.techweb.sk\/en\/\"},{\"@type\":\"ListItem\",\"position\":2,\"name\":\"O z\u00e1lohovan\u00ed\"}]},{\"@type\":\"WebSite\",\"@id\":\"https:\/\/sz.techweb.sk\/en\/#website\",\"url\":\"https:\/\/sz.techweb.sk\/en\/\",\"name\":\"Slovenskozalohuje EN\",\"description\":\"Z\u00e1lohujte Oplat\u00ed sa to v\u00e1m aj pr\u00edrode\",\"potentialAction\":[{\"@type\":\"SearchAction\",\"target\":{\"@type\":\"EntryPoint\",\"urlTemplate\":\"https:\/\/sz.techweb.sk\/en\/?s={search_term_string}\"},\"query-input\":{\"@type\":\"PropertyValueSpecification\",\"valueRequired\":true,\"valueName\":\"search_term_string\"}}],\"inLanguage\":\"sk-SK\"}]}<\/script>\n<!-- \/ Yoast SEO plugin. -->","yoast_head_json":{"title":"O z\u00e1lohovan\u00ed - Slovenskozalohuje EN","robots":{"index":"index","follow":"follow","max-snippet":"max-snippet:-1","max-image-preview":"max-image-preview:large","max-video-preview":"max-video-preview:-1"},"canonical":"https:\/\/sz.techweb.sk\/en\/o-zalohovani\/","og_locale":"sk_SK","og_type":"article","og_title":"O z\u00e1lohovan\u00ed - Slovenskozalohuje EN","og_description":"Tu n\u00e1jdete aktu\u00e1lne inform\u00e1cie zo sveta z\u00e1lohovania, ktor\u00e9 v\u00e1m pribl\u00ed\u017eia na\u0161e aktivity \u010di fungovanie z\u00e1lohov\u00e9ho syst\u00e9mu.","og_url":"https:\/\/sz.techweb.sk\/en\/o-zalohovani\/","og_site_name":"Slovenskozalohuje EN","twitter_card":"summary_large_image","schema":{"@context":"https:\/\/schema.org","@graph":[{"@type":"WebPage","@id":"https:\/\/sz.techweb.sk\/en\/o-zalohovani\/","url":"https:\/\/sz.techweb.sk\/en\/o-zalohovani\/","name":"O z\u00e1lohovan\u00ed - Slovenskozalohuje EN","isPartOf":{"@id":"https:\/\/sz.techweb.sk\/en\/#website"},"datePublished":"2024-02-06T22:29:33+00:00","breadcrumb":{"@id":"https:\/\/sz.techweb.sk\/en\/o-zalohovani\/#breadcrumb"},"inLanguage":"sk-SK","potentialAction":[{"@type":"ReadAction","target":["https:\/\/sz.techweb.sk\/en\/o-zalohovani\/"]}]},{"@type":"BreadcrumbList","@id":"https:\/\/sz.techweb.sk\/en\/o-zalohovani\/#breadcrumb","itemListElement":[{"@type":"ListItem","position":1,"name":"Domovsk\u00e1 str\u00e1nka","item":"https:\/\/sz.techweb.sk\/en\/"},{"@type":"ListItem","position":2,"name":"O z\u00e1lohovan\u00ed"}]},{"@type":"WebSite","@id":"https:\/\/sz.techweb.sk\/en\/#website","url":"https:\/\/sz.techweb.sk\/en\/","name":"Slovenskozalohuje EN","description":"Z\u00e1lohujte Oplat\u00ed sa to v\u00e1m aj pr\u00edrode","potentialAction":[{"@type":"SearchAction","target":{"@type":"EntryPoint","urlTemplate":"https:\/\/sz.techweb.sk\/en\/?s={search_term_string}"},"query-input":{"@type":"PropertyValueSpecification","valueRequired":true,"valueName":"search_term_string"}}],"inLanguage":"sk-SK"}]}},"_links":{"self":[{"href":"https:\/\/sz.techweb.sk\/en\/wp-json\/wp\/v2\/pages\/1084","targetHints":{"allow":["GET"]}}],"collection":[{"href":"https:\/\/sz.techweb.sk\/en\/wp-json\/wp\/v2\/pages"}],"about":[{"href":"https:\/\/sz.techweb.sk\/en\/wp-json\/wp\/v2\/types\/page"}],"author":[{"embeddable":true,"href":"https:\/\/sz.techweb.sk\/en\/wp-json\/wp\/v2\/users\/1"}],"replies":[{"embeddable":true,"href":"https:\/\/sz.techweb.sk\/en\/wp-json\/wp\/v2\/comments?post=1084"}],"version-history":[{"count":0,"href":"https:\/\/sz.techweb.sk\/en\/wp-json\/wp\/v2\/pages\/1084\/revisions"}],"wp:attachment":[{"href":"https:\/\/sz.techweb.sk\/en\/wp-json\/wp\/v2\/media?parent=1084"}],"curies":[{"name":"wp","href":"https:\/\/api.w.org\/{rel}","templated":true}]}}